{"id":904,"date":"2024-10-20T09:35:21","date_gmt":"2024-10-20T09:35:21","guid":{"rendered":"https:\/\/prbmontage.com\/impressum\/"},"modified":"2024-11-15T06:59:10","modified_gmt":"2024-11-15T06:59:10","slug":"impressum","status":"publish","type":"page","link":"https:\/\/prbmontage.com\/de\/impressum\/","title":{"rendered":"Impressum"},"content":{"rendered":"\t\t<div data-elementor-type=\"wp-page\" data-elementor-id=\"904\" class=\"elementor elementor-904 elementor-251\" data-elementor-post-type=\"page\">\n\t\t\t\t<div class=\"elementor-element elementor-element-7a843e0 e-flex e-con-boxed e-con e-parent\" data-id=\"7a843e0\" data-element_type=\"container\" data-settings=\"{&quot;background_background&quot;:&quot;classic&quot;}\">\n\t\t\t\t\t<div class=\"e-con-inner\">\n\t\t\t\t<div class=\"elementor-element elementor-element-14de20c elementor-widget elementor-widget-heading\" data-id=\"14de20c\" data-element_type=\"widget\" data-widget_type=\"heading.default\">\n\t\t\t\t<div class=\"elementor-widget-container\">\n\t\t\t\t\t<h1 class=\"elementor-heading-title elementor-size-default\">Impressum<\/h1>\t\t\t\t<\/div>\n\t\t\t\t<\/div>\n\t\t\t\t\t<\/div>\n\t\t\t\t<\/div>\n\t\t<div class=\"elementor-element elementor-element-43b3dde e-flex e-con-boxed e-con e-parent\" data-id=\"43b3dde\" data-element_type=\"container\">\n\t\t\t\t\t<div class=\"e-con-inner\">\n\t\t<div class=\"elementor-element elementor-element-836779d e-con-full e-flex e-con e-child\" data-id=\"836779d\" data-element_type=\"container\">\n\t\t\t\t<div class=\"elementor-element elementor-element-08d9b35 elementor-widget elementor-widget-heading\" data-id=\"08d9b35\" data-element_type=\"widget\" data-widget_type=\"heading.default\">\n\t\t\t\t<div class=\"elementor-widget-container\">\n\t\t\t\t\t<h2 class=\"elementor-heading-title elementor-size-default\">Impressum<\/h2>\t\t\t\t<\/div>\n\t\t\t\t<\/div>\n\t\t\t\t<div class=\"elementor-element elementor-element-83cae23 elementor-widget elementor-widget-text-editor\" data-id=\"83cae23\" data-element_type=\"widget\" data-widget_type=\"text-editor.default\">\n\t\t\t\t<div class=\"elementor-widget-container\">\n\t\t\t\t\t\t\t\t\t<p><strong>PRB MONTAGE<\/strong><br \/>ul. JAGIELLO\u0143SKA 3\/17<br \/>46-200 KLUCZBORK<\/p><p><strong>Vertreten durch<\/strong>:<br \/>Gesch\u00e4ftsf\u00fchrer Piotr Pawe\u0142 Rosiek<\/p>\t\t\t\t\t\t\t\t<\/div>\n\t\t\t\t<\/div>\n\t\t\t\t<div class=\"elementor-element elementor-element-4df46fd elementor-widget elementor-widget-heading\" data-id=\"4df46fd\" data-element_type=\"widget\" data-widget_type=\"heading.default\">\n\t\t\t\t<div class=\"elementor-widget-container\">\n\t\t\t\t\t<h3 class=\"elementor-heading-title elementor-size-default\">Kontakt<\/h3>\t\t\t\t<\/div>\n\t\t\t\t<\/div>\n\t\t\t\t<div class=\"elementor-element elementor-element-875b37e elementor-widget elementor-widget-text-editor\" data-id=\"875b37e\" data-element_type=\"widget\" data-widget_type=\"text-editor.default\">\n\t\t\t\t<div class=\"elementor-widget-container\">\n\t\t\t\t\t\t\t\t\t<p><strong>Telefon:<\/strong> +48 77 707 05 08<br \/><strong>E-mail:<\/strong> biuro@prbmontage.com<\/p>\n\t\t\t\t\t\t\t\t<\/div>\n\t\t\t\t<\/div>\n\t\t\t\t<div class=\"elementor-element elementor-element-ec79538 elementor-widget elementor-widget-heading\" data-id=\"ec79538\" data-element_type=\"widget\" data-widget_type=\"heading.default\">\n\t\t\t\t<div class=\"elementor-widget-container\">\n\t\t\t\t\t<h3 class=\"elementor-heading-title elementor-size-default\">Umsatzsteuer-ID<\/h3>\t\t\t\t<\/div>\n\t\t\t\t<\/div>\n\t\t\t\t<div class=\"elementor-element elementor-element-f833f81 elementor-widget elementor-widget-text-editor\" data-id=\"f833f81\" data-element_type=\"widget\" data-widget_type=\"text-editor.default\">\n\t\t\t\t<div class=\"elementor-widget-container\">\n\t\t\t\t\t\t\t\t\t<p><strong><b>USt-IdNr<\/b>:<\/strong> 7511624834<\/p>\t\t\t\t\t\t\t\t<\/div>\n\t\t\t\t<\/div>\n\t\t\t\t<div class=\"elementor-element elementor-element-2d5cd25 elementor-widget elementor-widget-heading\" data-id=\"2d5cd25\" data-element_type=\"widget\" data-widget_type=\"heading.default\">\n\t\t\t\t<div class=\"elementor-widget-container\">\n\t\t\t\t\t<h3 class=\"elementor-heading-title elementor-size-default\">Redaktionell verantwortlich<\/h3>\t\t\t\t<\/div>\n\t\t\t\t<\/div>\n\t\t\t\t<div class=\"elementor-element elementor-element-af10cb0 elementor-widget elementor-widget-text-editor\" data-id=\"af10cb0\" data-element_type=\"widget\" data-widget_type=\"text-editor.default\">\n\t\t\t\t<div class=\"elementor-widget-container\">\n\t\t\t\t\t\t\t\t\t<p>PRB-Montage &#8211; Piotr Rosiek<\/p>\n\t\t\t\t\t\t\t\t<\/div>\n\t\t\t\t<\/div>\n\t\t\t\t<div class=\"elementor-element elementor-element-2a66349 elementor-widget elementor-widget-heading\" data-id=\"2a66349\" data-element_type=\"widget\" data-widget_type=\"heading.default\">\n\t\t\t\t<div class=\"elementor-widget-container\">\n\t\t\t\t\t<h3 class=\"elementor-heading-title elementor-size-default\">EU-Streitschlichtung<\/h3>\t\t\t\t<\/div>\n\t\t\t\t<\/div>\n\t\t\t\t<div class=\"elementor-element elementor-element-b3500a0 elementor-widget elementor-widget-text-editor\" data-id=\"b3500a0\" data-element_type=\"widget\" data-widget_type=\"text-editor.default\">\n\t\t\t\t<div class=\"elementor-widget-container\">\n\t\t\t\t\t\t\t\t\t<p>Die Europ\u00e4ische Kommission stellt eine Plattform zur Online-Streitbeilegung (OS) bereit: https:\/\/ec.europa.eu\/consumers\/odr\/.<br \/>Unsere E-Mail-Adresse finden Sie oben im Impressum.<\/p>\n\t\t\t\t\t\t\t\t<\/div>\n\t\t\t\t<\/div>\n\t\t\t\t<\/div>\n\t\t\t\t\t<\/div>\n\t\t\t\t<\/div>\n\t\t\t\t<\/div>\n\t\t","protected":false},"excerpt":{"rendered":"<p>Impressum Impressum PRB MONTAGE ul. JAGIELLO\u0143SKA 3\/17 46-200 KLUCZBORK Vertreten durch: Gesch\u00e4ftsf\u00fchrer Piotr Pawe\u0142 Rosiek Kontakt Telefon: +48 77 707 05 08 E-mail: biuro@prbmontage.com Umsatzsteuer-ID USt-IdNr: 7511624834 Redaktionell verantwortlich PRB-Montage &#8211; Piotr Rosiek EU-Streitschlichtung Die Europ\u00e4ische Kommission stellt eine Plattform zur Online-Streitbeilegung (OS) bereit: https:\/\/ec.europa.eu\/consumers\/odr\/. Unsere E-Mail-Adresse finden Sie oben im Impressum.<\/p>\n","protected":false},"author":1,"featured_media":0,"parent":0,"menu_order":0,"comment_status":"closed","ping_status":"closed","template":"elementor_header_footer","meta":{"footnotes":""},"class_list":["post-904","page","type-page","status-publish","hentry"],"yoast_head":"<!-- This site is optimized with the Yoast SEO plugin v26.2 - https:\/\/yoast.com\/wordpress\/plugins\/seo\/ -->\n<title>Impressum - PRB Montage<\/title>\n<meta name=\"robots\" content=\"index, follow, max-snippet:-1, max-image-preview:large, max-video-preview:-1\" \/>\n<link rel=\"canonical\" href=\"https:\/\/prbmontage.com\/de\/impressum\/\" \/>\n<meta property=\"og:locale\" content=\"de_DE\" \/>\n<meta property=\"og:type\" content=\"article\" \/>\n<meta property=\"og:title\" content=\"Impressum - PRB Montage\" \/>\n<meta property=\"og:description\" content=\"Impressum Impressum PRB MONTAGE ul. JAGIELLO\u0143SKA 3\/17 46-200 KLUCZBORK Vertreten durch: Gesch\u00e4ftsf\u00fchrer Piotr Pawe\u0142 Rosiek Kontakt Telefon: +48 77 707 05 08 E-mail: biuro@prbmontage.com Umsatzsteuer-ID USt-IdNr: 7511624834 Redaktionell verantwortlich PRB-Montage &#8211; Piotr Rosiek EU-Streitschlichtung Die Europ\u00e4ische Kommission stellt eine Plattform zur Online-Streitbeilegung (OS) bereit: https:\/\/ec.europa.eu\/consumers\/odr\/. Unsere E-Mail-Adresse finden Sie oben im Impressum.\" \/>\n<meta property=\"og:url\" content=\"https:\/\/prbmontage.com\/de\/impressum\/\" \/>\n<meta property=\"og:site_name\" content=\"PRB Montage\" \/>\n<meta property=\"article:publisher\" content=\"https:\/\/www.facebook.com\/profile.php?id=61563591515843\" \/>\n<meta property=\"article:modified_time\" content=\"2024-11-15T06:59:10+00:00\" \/>\n<meta name=\"twitter:card\" content=\"summary_large_image\" \/>\n<meta name=\"twitter:label1\" content=\"Gesch\u00e4tzte Lesezeit\" \/>\n\t<meta name=\"twitter:data1\" content=\"1\u00a0Minute\" \/>\n<script type=\"application\/ld+json\" class=\"yoast-schema-graph\">{\"@context\":\"https:\/\/schema.org\",\"@graph\":[{\"@type\":\"WebPage\",\"@id\":\"https:\/\/prbmontage.com\/de\/impressum\/\",\"url\":\"https:\/\/prbmontage.com\/de\/impressum\/\",\"name\":\"Impressum - PRB Montage\",\"isPartOf\":{\"@id\":\"https:\/\/prbmontage.com\/de\/#website\"},\"datePublished\":\"2024-10-20T09:35:21+00:00\",\"dateModified\":\"2024-11-15T06:59:10+00:00\",\"breadcrumb\":{\"@id\":\"https:\/\/prbmontage.com\/de\/impressum\/#breadcrumb\"},\"inLanguage\":\"de\",\"potentialAction\":[{\"@type\":\"ReadAction\",\"target\":[\"https:\/\/prbmontage.com\/de\/impressum\/\"]}]},{\"@type\":\"BreadcrumbList\",\"@id\":\"https:\/\/prbmontage.com\/de\/impressum\/#breadcrumb\",\"itemListElement\":[{\"@type\":\"ListItem\",\"position\":1,\"name\":\"Home\",\"item\":\"https:\/\/prbmontage.com\/de\/\"},{\"@type\":\"ListItem\",\"position\":2,\"name\":\"Impressum\"}]},{\"@type\":\"WebSite\",\"@id\":\"https:\/\/prbmontage.com\/de\/#website\",\"url\":\"https:\/\/prbmontage.com\/de\/\",\"name\":\"Pracownicy tymczasowi z Polski i Europy Wschodniej do monta\u017cu przemys\u0142owego\",\"description\":\"Pracownicy tymczasowi z Polski i Europy Wschodniej do monta\u017cu przemys\u0142owego\",\"publisher\":{\"@id\":\"https:\/\/prbmontage.com\/de\/#organization\"},\"potentialAction\":[{\"@type\":\"SearchAction\",\"target\":{\"@type\":\"EntryPoint\",\"urlTemplate\":\"https:\/\/prbmontage.com\/de\/?s={search_term_string}\"},\"query-input\":{\"@type\":\"PropertyValueSpecification\",\"valueRequired\":true,\"valueName\":\"search_term_string\"}}],\"inLanguage\":\"de\"},{\"@type\":\"Organization\",\"@id\":\"https:\/\/prbmontage.com\/de\/#organization\",\"name\":\"PRB Montage\",\"url\":\"https:\/\/prbmontage.com\/de\/\",\"logo\":{\"@type\":\"ImageObject\",\"inLanguage\":\"de\",\"@id\":\"https:\/\/prbmontage.com\/de\/#\/schema\/logo\/image\/\",\"url\":\"https:\/\/prbmontage.com\/wp-content\/uploads\/2024\/09\/PRB_logo2.jpg\",\"contentUrl\":\"https:\/\/prbmontage.com\/wp-content\/uploads\/2024\/09\/PRB_logo2.jpg\",\"width\":1803,\"height\":671,\"caption\":\"PRB Montage\"},\"image\":{\"@id\":\"https:\/\/prbmontage.com\/de\/#\/schema\/logo\/image\/\"},\"sameAs\":[\"https:\/\/www.facebook.com\/profile.php?id=61563591515843\",\"https:\/\/www.instagram.com\/prbmontage\/\"]}]}<\/script>\n<!-- \/ Yoast SEO plugin. -->","yoast_head_json":{"title":"Impressum - PRB Montage","robots":{"index":"index","follow":"follow","max-snippet":"max-snippet:-1","max-image-preview":"max-image-preview:large","max-video-preview":"max-video-preview:-1"},"canonical":"https:\/\/prbmontage.com\/de\/impressum\/","og_locale":"de_DE","og_type":"article","og_title":"Impressum - PRB Montage","og_description":"Impressum Impressum PRB MONTAGE ul. JAGIELLO\u0143SKA 3\/17 46-200 KLUCZBORK Vertreten durch: Gesch\u00e4ftsf\u00fchrer Piotr Pawe\u0142 Rosiek Kontakt Telefon: +48 77 707 05 08 E-mail: biuro@prbmontage.com Umsatzsteuer-ID USt-IdNr: 7511624834 Redaktionell verantwortlich PRB-Montage &#8211; Piotr Rosiek EU-Streitschlichtung Die Europ\u00e4ische Kommission stellt eine Plattform zur Online-Streitbeilegung (OS) bereit: https:\/\/ec.europa.eu\/consumers\/odr\/. Unsere E-Mail-Adresse finden Sie oben im Impressum.","og_url":"https:\/\/prbmontage.com\/de\/impressum\/","og_site_name":"PRB Montage","article_publisher":"https:\/\/www.facebook.com\/profile.php?id=61563591515843","article_modified_time":"2024-11-15T06:59:10+00:00","twitter_card":"summary_large_image","twitter_misc":{"Gesch\u00e4tzte Lesezeit":"1\u00a0Minute"},"schema":{"@context":"https:\/\/schema.org","@graph":[{"@type":"WebPage","@id":"https:\/\/prbmontage.com\/de\/impressum\/","url":"https:\/\/prbmontage.com\/de\/impressum\/","name":"Impressum - PRB Montage","isPartOf":{"@id":"https:\/\/prbmontage.com\/de\/#website"},"datePublished":"2024-10-20T09:35:21+00:00","dateModified":"2024-11-15T06:59:10+00:00","breadcrumb":{"@id":"https:\/\/prbmontage.com\/de\/impressum\/#breadcrumb"},"inLanguage":"de","potentialAction":[{"@type":"ReadAction","target":["https:\/\/prbmontage.com\/de\/impressum\/"]}]},{"@type":"BreadcrumbList","@id":"https:\/\/prbmontage.com\/de\/impressum\/#breadcrumb","itemListElement":[{"@type":"ListItem","position":1,"name":"Home","item":"https:\/\/prbmontage.com\/de\/"},{"@type":"ListItem","position":2,"name":"Impressum"}]},{"@type":"WebSite","@id":"https:\/\/prbmontage.com\/de\/#website","url":"https:\/\/prbmontage.com\/de\/","name":"Pracownicy tymczasowi z Polski i Europy Wschodniej do monta\u017cu przemys\u0142owego","description":"Pracownicy tymczasowi z Polski i Europy Wschodniej do monta\u017cu przemys\u0142owego","publisher":{"@id":"https:\/\/prbmontage.com\/de\/#organization"},"potentialAction":[{"@type":"SearchAction","target":{"@type":"EntryPoint","urlTemplate":"https:\/\/prbmontage.com\/de\/?s={search_term_string}"},"query-input":{"@type":"PropertyValueSpecification","valueRequired":true,"valueName":"search_term_string"}}],"inLanguage":"de"},{"@type":"Organization","@id":"https:\/\/prbmontage.com\/de\/#organization","name":"PRB Montage","url":"https:\/\/prbmontage.com\/de\/","logo":{"@type":"ImageObject","inLanguage":"de","@id":"https:\/\/prbmontage.com\/de\/#\/schema\/logo\/image\/","url":"https:\/\/prbmontage.com\/wp-content\/uploads\/2024\/09\/PRB_logo2.jpg","contentUrl":"https:\/\/prbmontage.com\/wp-content\/uploads\/2024\/09\/PRB_logo2.jpg","width":1803,"height":671,"caption":"PRB Montage"},"image":{"@id":"https:\/\/prbmontage.com\/de\/#\/schema\/logo\/image\/"},"sameAs":["https:\/\/www.facebook.com\/profile.php?id=61563591515843","https:\/\/www.instagram.com\/prbmontage\/"]}]}},"_links":{"self":[{"href":"https:\/\/prbmontage.com\/de\/wp-json\/wp\/v2\/pages\/904","targetHints":{"allow":["GET"]}}],"collection":[{"href":"https:\/\/prbmontage.com\/de\/wp-json\/wp\/v2\/pages"}],"about":[{"href":"https:\/\/prbmontage.com\/de\/wp-json\/wp\/v2\/types\/page"}],"author":[{"embeddable":true,"href":"https:\/\/prbmontage.com\/de\/wp-json\/wp\/v2\/users\/1"}],"replies":[{"embeddable":true,"href":"https:\/\/prbmontage.com\/de\/wp-json\/wp\/v2\/comments?post=904"}],"version-history":[{"count":0,"href":"https:\/\/prbmontage.com\/de\/wp-json\/wp\/v2\/pages\/904\/revisions"}],"wp:attachment":[{"href":"https:\/\/prbmontage.com\/de\/wp-json\/wp\/v2\/media?parent=904"}],"curies":[{"name":"wp","href":"https:\/\/api.w.org\/{rel}","templated":true}]}}